{"id":278,"date":"2021-12-17T17:17:34","date_gmt":"2021-12-17T16:17:34","guid":{"rendered":"https:\/\/kienbacherk2.com\/wp\/?page_id=278"},"modified":"2021-12-18T15:56:43","modified_gmt":"2021-12-18T14:56:43","slug":"schubboden-walking-floor","status":"publish","type":"page","link":"https:\/\/kienbacherk2.com\/wp\/schubboden-walking-floor\/","title":{"rendered":"Schubboden \/ WALKING FLOOR\u00ae"},"content":{"rendered":"\n<figure class=\"wp-block-image size-full is-style-default\"><img loading=\"lazy\" decoding=\"async\" width=\"500\" height=\"300\" src=\"https:\/\/kienbacherk2.com\/wp\/wp-content\/uploads\/2021\/12\/ovcwalki.jpg\" alt=\"\" class=\"wp-image-329\" srcset=\"https:\/\/kienbacherk2.com\/wp\/wp-content\/uploads\/2021\/12\/ovcwalki.jpg 500w, https:\/\/kienbacherk2.com\/wp\/wp-content\/uploads\/2021\/12\/ovcwalki-300x180.jpg 300w\" sizes=\"auto, (max-width: 500px) 100vw, 500px\" \/><\/figure>\n\n\n\n<p>Schubboden auch als Schiebeboden bekannt, ist die Bezeichnung f\u00fcr einen hydraulisch angetriebenen, sich bewegenden Boden, der im Auflieger eingesetzt wird.<br>Durch den l\u00fcckenlosen Aufbau des Bodens k\u00f6nnen St\u00fcckgut ebenso wie Sch\u00fcttg\u00fcter automatisiert entladen werden.<br>Der Boden besteht aus beweglichen Lamellen, die durch einen hydraulischen Antrieb bewegt werden und das jeweilige Gut selbstst\u00e4ndig vor oder zur\u00fcck bef\u00f6rdern.<br>Dieses System ist grunds\u00e4tzlich universell f\u00fcr den Transport s\u00e4mtlicher Sch\u00fcttg\u00fcter, Paletten sowie f\u00fcr den gesamten St\u00fcckgutbereich einsetzbar.<br>Transporte in loser Form wie z.B. Getreide, Hackschnitzel, Sch\u00fcttobst, Torf oder \u00e4hnliches bew\u00e4ltigen wir mit Walkinflooraufliegern.<br>Auch der Transport von Palettenware mit Rampenbe- und Entladung ist mit diesen Aufliegern kein Problem.<br>&nbsp;<br>&nbsp;Als Inhaber der Transportgenehmigung gem\u00e4\u00df \u00a7 49 Kreislaufwirtschafts- und Abfallgesetz, sind berechtigt, bundesweit alle Abfallarten einzusammeln zu bef\u00f6rdern. F\u00fcr Transporte von und nach Italien sowie die Niederlande<\/p>\n\n\n\n<p>liegen uns ebenfalls die erforderlichen Genehmigungen vor.<br><br>Bitte testen Sie uns und legen uns Ihre Bedarfsf\u00e4lle vor.<\/p>\n\n\n\n<figure class=\"wp-block-image size-full is-style-default\"><img loading=\"lazy\" decoding=\"async\" width=\"110\" height=\"320\" src=\"https:\/\/kienbacherk2.com\/wp\/wp-content\/uploads\/2021\/12\/wflr.gif\" alt=\"\" class=\"wp-image-353\"\/><\/figure>\n\n\n\n<p>&nbsp;<br>&nbsp;<br>&nbsp;Die Schematische Darstellung stammt aus der freien Enzyklop\u00e4die <a href=\"http:\/\/de.wikipedia.org\/wiki\/Walking_Floor\" target=\"_blank\" rel=\"noreferrer noopener\">Wikipedia<\/a> (Autor: Alfaomega)<\/p>\n","protected":false},"excerpt":{"rendered":"<p>Schubboden auch als Schiebeboden bekannt, ist die Bezeichnung f\u00fcr einen hydraulisch angetriebenen, sich bewegenden Boden, der im Auflieger eingesetzt wird.Durch den l\u00fcckenlosen Aufbau des Bodens k\u00f6nnen St\u00fcckgut ebenso wie Sch\u00fcttg\u00fcter automatisiert entladen werden.Der Boden besteht aus beweglichen Lamellen, die durch&hellip; <\/p>\n","protected":false},"author":1,"featured_media":534,"parent":0,"menu_order":0,"comment_status":"closed","ping_status":"closed","template":"","meta":{"footnotes":""},"class_list":["post-278","page","type-page","status-publish","has-post-thumbnail","hentry"],"_links":{"self":[{"href":"https:\/\/kienbacherk2.com\/wp\/wp-json\/wp\/v2\/pages\/278","targetHints":{"allow":["GET"]}}],"collection":[{"href":"https:\/\/kienbacherk2.com\/wp\/wp-json\/wp\/v2\/pages"}],"about":[{"href":"https:\/\/kienbacherk2.com\/wp\/wp-json\/wp\/v2\/types\/page"}],"author":[{"embeddable":true,"href":"https:\/\/kienbacherk2.com\/wp\/wp-json\/wp\/v2\/users\/1"}],"replies":[{"embeddable":true,"href":"https:\/\/kienbacherk2.com\/wp\/wp-json\/wp\/v2\/comments?post=278"}],"version-history":[{"count":2,"href":"https:\/\/kienbacherk2.com\/wp\/wp-json\/wp\/v2\/pages\/278\/revisions"}],"predecessor-version":[{"id":514,"href":"https:\/\/kienbacherk2.com\/wp\/wp-json\/wp\/v2\/pages\/278\/revisions\/514"}],"wp:featuredmedia":[{"embeddable":true,"href":"https:\/\/kienbacherk2.com\/wp\/wp-json\/wp\/v2\/media\/534"}],"wp:attachment":[{"href":"https:\/\/kienbacherk2.com\/wp\/wp-json\/wp\/v2\/media?parent=278"}],"curies":[{"name":"wp","href":"https:\/\/api.w.org\/{rel}","templated":true}]}}